{"id":665,"date":"2025-01-28T09:56:44","date_gmt":"2025-01-28T09:56:44","guid":{"rendered":"https:\/\/ravenpetstore.com\/?post_type=product&#038;p=665"},"modified":"2025-01-28T09:56:44","modified_gmt":"2025-01-28T09:56:44","slug":"kippy-pate-fishveg-adult-cat-400g","status":"publish","type":"product","link":"https:\/\/ravenpetstore.com\/ar\/product\/kippy-pate-fishveg-adult-cat-400g\/","title":{"rendered":"Kippy Pate Fish&#038;Veg Adult Cat 400g"},"content":{"rendered":"<div class=\"card__header\">\n<h2 class=\"card__title heading h3\">Description<\/h2>\n<\/div>\n<div class=\"card__section\">\n<div class=\"rte text--pull\">\n<p>&#8211; Rich in Fish &amp; Vegtables: Features a delicious blend of Fish &amp; Vegtables, offering a flavorful and nutritious meal for your cat.<br \/>\n&#8211; High Protein Content: Provides a high level of protein to support muscle maintenance and overall vitality, ensuring your cat stays healthy and active.<br \/>\n&#8211; Complete and Balanced Diet: Formulated to deliver essential vitamins and minerals, promoting overall health and well-being in every meal.<br \/>\n&#8211; Smooth P\u00e2t\u00e9 Texture: The smooth p\u00e2t\u00e9 consistency is easy for cats to eat, making it an appealing choice for picky eaters and senior cats.<br \/>\n&#8211; Convenient Packaging: Comes in a 400g can, providing an ample amount of food that is easy to serve and store while maintaining freshness<\/p>\n<\/div>\n<\/div>","protected":false},"excerpt":{"rendered":"<p>Description &#8211; Rich in Fish &amp; Vegtables: Features a delicious blend of Fish &amp; Vegtables, offering a flavorful and nutritious [&hellip;]<\/p>","protected":false},"featured_media":666,"comment_status":"open","ping_status":"closed","template":"","meta":{"nf_dc_page":"","site-sidebar-layout":"default","site-content-layout":"","ast-site-content-layout":"default","site-content-style":"default","site-sidebar-style":"default","ast-global-header-display":"","ast-banner-title-visibility":"","ast-main-header-display":"","ast-hfb-above-header-display":"","ast-hfb-below-header-display":"","ast-hfb-mobile-header-display":"","site-post-title":"","ast-breadcrumbs-content":"","ast-featured-img":"","footer-sml-layout":"","theme-transparent-header-meta":"default","adv-header-id-meta":"","stick-header-meta":"","header-above-stick-meta":"","header-main-stick-meta":"","header-below-stick-meta":"","astra-migrate-meta-layouts":"set","ast-page-background-enabled":"default","ast-page-background-meta":{"desktop":{"background-color":"var(--ast-global-color-5)","background-image":"","background-repeat":"repeat","background-position":"center center","background-size":"auto","background-attachment":"scroll","background-type":"","background-media":"","overlay-type":"","overlay-color":"","overlay-opacity":"","overlay-gradient":""},"tablet":{"background-color":"","background-image":"","background-repeat":"repeat","background-position":"center center","background-size":"auto","background-attachment":"scroll","background-type":"","background-media":"","overlay-type":"","overlay-color":"","overlay-opacity":"","overlay-gradient":""},"mobile":{"background-color":"","background-image":"","background-repeat":"repeat","background-position":"center center","background-size":"auto","background-attachment":"scroll","background-type":"","background-media":"","overlay-type":"","overlay-color":"","overlay-opacity":"","overlay-gradient":""}},"ast-content-background-meta":{"desktop":{"background-color":"var(--ast-global-color-4)","background-image":"","background-repeat":"repeat","background-position":"center center","background-size":"auto","background-attachment":"scroll","background-type":"","background-media":"","overlay-type":"","overlay-color":"","overlay-opacity":"","overlay-gradient":""},"tablet":{"background-color":"var(--ast-global-color-4)","background-image":"","background-repeat":"repeat","background-position":"center center","background-size":"auto","background-attachment":"scroll","background-type":"","background-media":"","overlay-type":"","overlay-color":"","overlay-opacity":"","overlay-gradient":""},"mobile":{"background-color":"var(--ast-global-color-4)","background-image":"","background-repeat":"repeat","background-position":"center center","background-size":"auto","background-attachment":"scroll","background-type":"","background-media":"","overlay-type":"","overlay-color":"","overlay-opacity":"","overlay-gradient":""}}},"product_brand":[],"product_cat":[29,32],"product_tag":[],"class_list":{"0":"post-665","1":"product","2":"type-product","3":"status-publish","4":"has-post-thumbnail","6":"product_cat-cats","7":"product_cat-cat-wetfood","8":"desktop-align-left","9":"tablet-align-left","10":"mobile-align-left","12":"first","13":"instock","14":"shipping-taxable","15":"purchasable","16":"product-type-simple"},"yoast_head":"<!-- This site is optimized with the Yoast SEO plugin v25.7 - https:\/\/yoast.com\/wordpress\/plugins\/seo\/ -->\n<title>Kippy Pate Fish&amp;Veg Adult Cat 400g - Welcome<\/title>\n<meta name=\"robots\" content=\"index, follow, max-snippet:-1, max-image-preview:large, max-video-preview:-1\" \/>\n<link rel=\"canonical\" href=\"https:\/\/ravenpetstore.com\/ar\/product\/kippy-pate-fishveg-adult-cat-400g\/\" \/>\n<meta property=\"og:locale\" content=\"ar_AR\" \/>\n<meta property=\"og:type\" content=\"article\" \/>\n<meta property=\"og:title\" content=\"Kippy Pate Fish&amp;Veg Adult Cat 400g - Welcome\" \/>\n<meta property=\"og:description\" content=\"Description &#8211; Rich in Fish &amp; Vegtables: Features a delicious blend of Fish &amp; Vegtables, offering a flavorful and nutritious [&hellip;]\" \/>\n<meta property=\"og:url\" content=\"https:\/\/ravenpetstore.com\/ar\/product\/kippy-pate-fishveg-adult-cat-400g\/\" \/>\n<meta property=\"og:site_name\" content=\"Welcome\" \/>\n<meta property=\"og:image\" content=\"https:\/\/i0.wp.com\/ravenpetstore.com\/wp-content\/uploads\/2025\/01\/8015912511836.webp?fit=250%2C421&ssl=1\" \/>\n\t<meta property=\"og:image:width\" content=\"250\" \/>\n\t<meta property=\"og:image:height\" content=\"421\" \/>\n\t<meta property=\"og:image:type\" content=\"image\/webp\" \/>\n<meta name=\"twitter:card\" content=\"summary_large_image\" \/>\n<meta name=\"twitter:label1\" content=\"\u0648\u0642\u062a \u0627\u0644\u0642\u0631\u0627\u0621\u0629 \u0627\u0644\u0645\u064f\u0642\u062f\u0651\u0631\" \/>\n\t<meta name=\"twitter:data1\" content=\"\u062f\u0642\u064a\u0642\u0629 \u0648\u0627\u062d\u062f\u0629\" \/>\n<script type=\"application\/ld+json\" class=\"yoast-schema-graph\">{\"@context\":\"https:\/\/schema.org\",\"@graph\":[{\"@type\":\"WebPage\",\"@id\":\"https:\/\/ravenpetstore.com\/product\/kippy-pate-fishveg-adult-cat-400g\/\",\"url\":\"https:\/\/ravenpetstore.com\/product\/kippy-pate-fishveg-adult-cat-400g\/\",\"name\":\"Kippy Pate Fish&Veg Adult Cat 400g - Welcome\",\"isPartOf\":{\"@id\":\"https:\/\/ravenpetstore.com\/#website\"},\"primaryImageOfPage\":{\"@id\":\"https:\/\/ravenpetstore.com\/product\/kippy-pate-fishveg-adult-cat-400g\/#primaryimage\"},\"image\":{\"@id\":\"https:\/\/ravenpetstore.com\/product\/kippy-pate-fishveg-adult-cat-400g\/#primaryimage\"},\"thumbnailUrl\":\"https:\/\/i0.wp.com\/ravenpetstore.com\/wp-content\/uploads\/2025\/01\/8015912511836.webp?fit=250%2C421&ssl=1\",\"datePublished\":\"2025-01-28T09:56:44+00:00\",\"breadcrumb\":{\"@id\":\"https:\/\/ravenpetstore.com\/product\/kippy-pate-fishveg-adult-cat-400g\/#breadcrumb\"},\"inLanguage\":\"ar\",\"potentialAction\":[{\"@type\":\"ReadAction\",\"target\":[\"https:\/\/ravenpetstore.com\/product\/kippy-pate-fishveg-adult-cat-400g\/\"]}]},{\"@type\":\"ImageObject\",\"inLanguage\":\"ar\",\"@id\":\"https:\/\/ravenpetstore.com\/product\/kippy-pate-fishveg-adult-cat-400g\/#primaryimage\",\"url\":\"https:\/\/i0.wp.com\/ravenpetstore.com\/wp-content\/uploads\/2025\/01\/8015912511836.webp?fit=250%2C421&ssl=1\",\"contentUrl\":\"https:\/\/i0.wp.com\/ravenpetstore.com\/wp-content\/uploads\/2025\/01\/8015912511836.webp?fit=250%2C421&ssl=1\",\"width\":250,\"height\":421},{\"@type\":\"BreadcrumbList\",\"@id\":\"https:\/\/ravenpetstore.com\/product\/kippy-pate-fishveg-adult-cat-400g\/#breadcrumb\",\"itemListElement\":[{\"@type\":\"ListItem\",\"position\":1,\"name\":\"Home\",\"item\":\"https:\/\/ravenpetstore.com\/\"},{\"@type\":\"ListItem\",\"position\":2,\"name\":\"Shop\",\"item\":\"https:\/\/ravenpetstore.com\/shop\/\"},{\"@type\":\"ListItem\",\"position\":3,\"name\":\"Kippy Pate Fish&#038;Veg Adult Cat 400g\"}]},{\"@type\":\"WebSite\",\"@id\":\"https:\/\/ravenpetstore.com\/#website\",\"url\":\"https:\/\/ravenpetstore.com\/\",\"name\":\"Welcome\",\"description\":\"\",\"publisher\":{\"@id\":\"https:\/\/ravenpetstore.com\/#organization\"},\"potentialAction\":[{\"@type\":\"SearchAction\",\"target\":{\"@type\":\"EntryPoint\",\"urlTemplate\":\"https:\/\/ravenpetstore.com\/?s={search_term_string}\"},\"query-input\":{\"@type\":\"PropertyValueSpecification\",\"valueRequired\":true,\"valueName\":\"search_term_string\"}}],\"inLanguage\":\"ar\"},{\"@type\":\"Organization\",\"@id\":\"https:\/\/ravenpetstore.com\/#organization\",\"name\":\"Welcome\",\"url\":\"https:\/\/ravenpetstore.com\/\",\"logo\":{\"@type\":\"ImageObject\",\"inLanguage\":\"ar\",\"@id\":\"https:\/\/ravenpetstore.com\/#\/schema\/logo\/image\/\",\"url\":\"https:\/\/i0.wp.com\/ravenpetstore.com\/wp-content\/uploads\/2025\/01\/cropped-WhatsApp_Image_2025-01-24_at_11.26.28_PM-removebg-preview-e1737825990535.png?fit=500%2C131&ssl=1\",\"contentUrl\":\"https:\/\/i0.wp.com\/ravenpetstore.com\/wp-content\/uploads\/2025\/01\/cropped-WhatsApp_Image_2025-01-24_at_11.26.28_PM-removebg-preview-e1737825990535.png?fit=500%2C131&ssl=1\",\"width\":500,\"height\":131,\"caption\":\"Welcome\"},\"image\":{\"@id\":\"https:\/\/ravenpetstore.com\/#\/schema\/logo\/image\/\"}}]}<\/script>\n<!-- \/ Yoast SEO plugin. -->","yoast_head_json":{"title":"Kippy Pate Fish&Veg Adult Cat 400g - Welcome","robots":{"index":"index","follow":"follow","max-snippet":"max-snippet:-1","max-image-preview":"max-image-preview:large","max-video-preview":"max-video-preview:-1"},"canonical":"https:\/\/ravenpetstore.com\/ar\/product\/kippy-pate-fishveg-adult-cat-400g\/","og_locale":"ar_AR","og_type":"article","og_title":"Kippy Pate Fish&Veg Adult Cat 400g - Welcome","og_description":"Description &#8211; Rich in Fish &amp; Vegtables: Features a delicious blend of Fish &amp; Vegtables, offering a flavorful and nutritious [&hellip;]","og_url":"https:\/\/ravenpetstore.com\/ar\/product\/kippy-pate-fishveg-adult-cat-400g\/","og_site_name":"Welcome","og_image":[{"width":250,"height":421,"url":"https:\/\/i0.wp.com\/ravenpetstore.com\/wp-content\/uploads\/2025\/01\/8015912511836.webp?fit=250%2C421&ssl=1","type":"image\/webp"}],"twitter_card":"summary_large_image","twitter_misc":{"\u0648\u0642\u062a \u0627\u0644\u0642\u0631\u0627\u0621\u0629 \u0627\u0644\u0645\u064f\u0642\u062f\u0651\u0631":"\u062f\u0642\u064a\u0642\u0629 \u0648\u0627\u062d\u062f\u0629"},"schema":{"@context":"https:\/\/schema.org","@graph":[{"@type":"WebPage","@id":"https:\/\/ravenpetstore.com\/product\/kippy-pate-fishveg-adult-cat-400g\/","url":"https:\/\/ravenpetstore.com\/product\/kippy-pate-fishveg-adult-cat-400g\/","name":"Kippy Pate Fish&Veg Adult Cat 400g - Welcome","isPartOf":{"@id":"https:\/\/ravenpetstore.com\/#website"},"primaryImageOfPage":{"@id":"https:\/\/ravenpetstore.com\/product\/kippy-pate-fishveg-adult-cat-400g\/#primaryimage"},"image":{"@id":"https:\/\/ravenpetstore.com\/product\/kippy-pate-fishveg-adult-cat-400g\/#primaryimage"},"thumbnailUrl":"https:\/\/i0.wp.com\/ravenpetstore.com\/wp-content\/uploads\/2025\/01\/8015912511836.webp?fit=250%2C421&ssl=1","datePublished":"2025-01-28T09:56:44+00:00","breadcrumb":{"@id":"https:\/\/ravenpetstore.com\/product\/kippy-pate-fishveg-adult-cat-400g\/#breadcrumb"},"inLanguage":"ar","potentialAction":[{"@type":"ReadAction","target":["https:\/\/ravenpetstore.com\/product\/kippy-pate-fishveg-adult-cat-400g\/"]}]},{"@type":"ImageObject","inLanguage":"ar","@id":"https:\/\/ravenpetstore.com\/product\/kippy-pate-fishveg-adult-cat-400g\/#primaryimage","url":"https:\/\/i0.wp.com\/ravenpetstore.com\/wp-content\/uploads\/2025\/01\/8015912511836.webp?fit=250%2C421&ssl=1","contentUrl":"https:\/\/i0.wp.com\/ravenpetstore.com\/wp-content\/uploads\/2025\/01\/8015912511836.webp?fit=250%2C421&ssl=1","width":250,"height":421},{"@type":"BreadcrumbList","@id":"https:\/\/ravenpetstore.com\/product\/kippy-pate-fishveg-adult-cat-400g\/#breadcrumb","itemListElement":[{"@type":"ListItem","position":1,"name":"Home","item":"https:\/\/ravenpetstore.com\/"},{"@type":"ListItem","position":2,"name":"Shop","item":"https:\/\/ravenpetstore.com\/shop\/"},{"@type":"ListItem","position":3,"name":"Kippy Pate Fish&#038;Veg Adult Cat 400g"}]},{"@type":"WebSite","@id":"https:\/\/ravenpetstore.com\/#website","url":"https:\/\/ravenpetstore.com\/","name":"Welcome","description":"","publisher":{"@id":"https:\/\/ravenpetstore.com\/#organization"},"potentialAction":[{"@type":"SearchAction","target":{"@type":"EntryPoint","urlTemplate":"https:\/\/ravenpetstore.com\/?s={search_term_string}"},"query-input":{"@type":"PropertyValueSpecification","valueRequired":true,"valueName":"search_term_string"}}],"inLanguage":"ar"},{"@type":"Organization","@id":"https:\/\/ravenpetstore.com\/#organization","name":"Welcome","url":"https:\/\/ravenpetstore.com\/","logo":{"@type":"ImageObject","inLanguage":"ar","@id":"https:\/\/ravenpetstore.com\/#\/schema\/logo\/image\/","url":"https:\/\/i0.wp.com\/ravenpetstore.com\/wp-content\/uploads\/2025\/01\/cropped-WhatsApp_Image_2025-01-24_at_11.26.28_PM-removebg-preview-e1737825990535.png?fit=500%2C131&ssl=1","contentUrl":"https:\/\/i0.wp.com\/ravenpetstore.com\/wp-content\/uploads\/2025\/01\/cropped-WhatsApp_Image_2025-01-24_at_11.26.28_PM-removebg-preview-e1737825990535.png?fit=500%2C131&ssl=1","width":500,"height":131,"caption":"Welcome"},"image":{"@id":"https:\/\/ravenpetstore.com\/#\/schema\/logo\/image\/"}}]}},"jetpack_sharing_enabled":true,"_links":{"self":[{"href":"https:\/\/ravenpetstore.com\/ar\/wp-json\/wp\/v2\/product\/665","targetHints":{"allow":["GET"]}}],"collection":[{"href":"https:\/\/ravenpetstore.com\/ar\/wp-json\/wp\/v2\/product"}],"about":[{"href":"https:\/\/ravenpetstore.com\/ar\/wp-json\/wp\/v2\/types\/product"}],"replies":[{"embeddable":true,"href":"https:\/\/ravenpetstore.com\/ar\/wp-json\/wp\/v2\/comments?post=665"}],"wp:featuredmedia":[{"embeddable":true,"href":"https:\/\/ravenpetstore.com\/ar\/wp-json\/wp\/v2\/media\/666"}],"wp:attachment":[{"href":"https:\/\/ravenpetstore.com\/ar\/wp-json\/wp\/v2\/media?parent=665"}],"wp:term":[{"taxonomy":"product_brand","embeddable":true,"href":"https:\/\/ravenpetstore.com\/ar\/wp-json\/wp\/v2\/product_brand?post=665"},{"taxonomy":"product_cat","embeddable":true,"href":"https:\/\/ravenpetstore.com\/ar\/wp-json\/wp\/v2\/product_cat?post=665"},{"taxonomy":"product_tag","embeddable":true,"href":"https:\/\/ravenpetstore.com\/ar\/wp-json\/wp\/v2\/product_tag?post=665"}],"curies":[{"name":"wp","href":"https:\/\/api.w.org\/{rel}","templated":true}]}}